{"id":25595,"date":"2025-03-11T18:21:17","date_gmt":"2025-03-11T17:21:17","guid":{"rendered":"https:\/\/www.ifeas.uni-mainz.de\/?page_id=25595"},"modified":"2025-09-22T10:38:28","modified_gmt":"2025-09-22T08:38:28","slug":"pd-dr-holger-troebs","status":"publish","type":"page","link":"https:\/\/www.ifeas.uni-mainz.de\/en\/pd-dr-holger-troebs\/","title":{"rendered":"Profil &#8211; Holger Tr\u00f6bs"},"content":{"rendered":"<jgu-base-pageheader react-props=\"{\n    &quot;items&quot;: [\n        {\n            &quot;box&quot;: {\n                &quot;index&quot;: &quot;Department&quot;,\n                &quot;title&quot;: &quot;The ifeas team&quot;,\n                &quot;link&quot;: {\n                    &quot;url&quot;: &quot;&quot;,\n                    &quot;title&quot;: &quot;learn more&quot;\n                }\n            },\n            &quot;color&quot;: &quot;default&quot;,\n            &quot;image&quot;: {\n                &quot;url&quot;: &quot;&quot;\n            },\n            &quot;imgCredit&quot;: &quot;&quot;,\n            &quot;useVideo&quot;: false,\n            &quot;video&quot;: false\n        }\n    ],\n    &quot;type&quot;: &quot;border&quot;,\n    &quot;align&quot;: &quot;full&quot;,\n    &quot;quicklinks&quot;: {\n        &quot;show&quot;: false,\n        &quot;selects&quot;: []\n    },\n    &quot;useBreadcrumb&quot;: false\n}\">\n<\/jgu-base-pageheader>\n\n<jgu-base-section react-props=\"{&quot;color&quot;:&quot;dark&quot;,&quot;align&quot;:&quot;wide&quot;,&quot;padding&quot;:&quot;medium&quot;}\">\n<div class=\"jgu-bgsection bg bg-dark\"><div class=\"content padding-medium\"><jgu-base-heading react-props=\"{\n    &quot;color&quot;: &quot;default&quot;,\n    &quot;tags&quot;: {\n        &quot;htmlTag&quot;: &quot;h2&quot;,\n        &quot;classTag&quot;: &quot;&quot;,\n        &quot;tag&quot;: &quot;h2&quot;\n    },\n    &quot;heading&quot;: &quot;PD Dr. Holger Tr\\u00f6bs&quot;,\n    &quot;textAlign&quot;: &quot;left&quot;,\n    &quot;anchor&quot;: &quot;&quot;,\n    &quot;index&quot;: &quot;&quot;\n}\"><\/jgu-base-heading>\n\n\n\n<div class=\"wp-block-columns is-layout-flex wp-container-core-columns-is-layout-9d6595d7 wp-block-columns-is-layout-flex\">\n<div class=\"wp-block-column is-layout-flow wp-block-column-is-layout-flow\" style=\"flex-basis:15%\"><jgu-base-image react-props=\"{\n    &quot;image&quot;: {\n        &quot;url&quot;: &quot;https:\\\/\\\/cms.zdv.uni-mainz.de\\\/fb07-ifeas\\\/wp-content\\\/uploads\\\/sites\\\/396\\\/2025\\\/03\\\/Troebs.jpg&quot;,\n        &quot;id&quot;: 14240,\n        &quot;title&quot;: &quot;Troebs&quot;,\n        &quot;width&quot;: 150,\n        &quot;height&quot;: 183\n    },\n    &quot;align&quot;: &quot;&quot;,\n    &quot;hasLightbox&quot;: false,\n    &quot;caption&quot;: &quot;&quot;,\n    &quot;imgWidth&quot;: 0,\n    &quot;link&quot;: {\n        &quot;url&quot;: &quot;&quot;,\n        &quot;target&quot;: &quot;&quot;,\n        &quot;rel&quot;: &quot;&quot;\n    }\n}\" class=\"align-\">\n    \n<\/jgu-base-image><\/div>\n\n\n\n<div class=\"wp-block-column is-layout-flow wp-block-column-is-layout-flow\"><jgu-base-collapsiblearea class=\"is-layout-flow wp-block-jgu-collapsible-area-is-layout-flow\" react-props=\"{&quot;visibleLines&quot;:5,&quot;collapse&quot;:&quot;always&quot;,&quot;collapsedHeight&quot;:150,&quot;content&quot;:&quot;\\n\\n&lt;p&gt;&lt;strong&gt;Portrait&lt;\\\/strong&gt;&lt;\\\/p&gt;\\n\\n\\n\\n&lt;p&gt;Holger Tr\\u00f6bs is Senior Lecturer at the Department of Anthropology and African Studies of the Johannes Gutenberg University Mainz, where he has been teaching Bambara and Swahili for many years. &lt;br&gt; &lt;\\\/p&gt;\\n\\n\\n\\n&lt;p&gt;He has conducted extensive field research on the Mande languages in Mali, Burkina Faso, and Ivory Coast. His research interests focus in particular on Functional Morphosyntax (Manding, Swahili), Language Typology and Universals, and Mande Oral Tradition. &lt;\\\/p&gt;\\n\\n&quot;,&quot;className&quot;:&quot;alignwide &quot;}\"><\/jgu-base-collapsiblearea>\n\n<jgu-base-accordion react-props=\"{&quot;selected&quot;:2,&quot;align&quot;:&quot;wide&quot;,&quot;hasAllOpenButton&quot;:true,&quot;onlyOne&quot;:false,&quot;initAllClosed&quot;:true,&quot;enableSearch&quot;:false}\">\n    \n<jgu-base-accordionitem react-props=\"{&quot;title&quot;:&quot;About&quot;,&quot;init&quot;:false,&quot;slug&quot;:&quot;about&quot;,&quot;align&quot;:&quot;wide&quot;,&quot;customSlug&quot;:false}\">\n    \n\n<figure class=\"wp-block-table is-style-regular\"><table><tbody><tr><td><strong>07\/2007<\/strong> <br>Habilitation in African Linguistics, University of Mainz<\/td><\/tr><tr><td><strong>Since 04\/2007<\/strong><br>Senior Lecturer for Bambara and Swahili, Department of Anthropology and African Studies, University of Mainz<\/td><\/tr><tr><td><strong>04\/2005 &#8211; 03\/2007<\/strong><br>Research assistant in the DFG project: \u201eEigenschaftskonzepte in westafrikanischen Sprachen\u201c; Faculty of Languages and Literatures, University of Bayreuth<\/td><\/tr><tr><td><strong>09\/1998 &#8211; 08\/2002<br><\/strong>Research assistant in the DFG project: \u201eDeskriptive Grammatik und lexikalische Dokumentation der Sprachen der Duun-Gruppe (sog. \u201eSamogo\u201c-Sprachen, Mali und Burkina Faso), ein Beitrag zur Erforschung des Nordwestzweiges des Mande)\u201c, Department of Anthropology and African Studies, University of Mainz<\/td><\/tr><tr><td><strong>06\/1998 <\/strong><br>Ph.D. in African Linguistics, Slavic Studies, General Linguistics, University of Cologne<\/td><\/tr><tr><td><strong>01\/1994<\/strong><br>Magister Artium in African Linguistics, Slavic Studies, General Linguistics, University of Cologne<\/td><\/tr><tr><td><strong>06\/1988<\/strong><br>Diploma in West African languages (Maninka, Bambara, Hausa), University of Leningrad<\/td><\/tr><\/tbody><\/table><\/figure>\n\n\n<\/jgu-base-accordionitem>\n\n<jgu-base-accordionitem react-props=\"{&quot;title&quot;:&quot;Publications&quot;,&quot;init&quot;:false,&quot;slug&quot;:&quot;publications&quot;,&quot;align&quot;:&quot;wide&quot;,&quot;customSlug&quot;:false}\">\n    \n\n<p><strong>Publications at a glance<\/strong><\/p>\n\n\n<jgu-base-collapsiblearea class=\"is-layout-flow wp-block-jgu-collapsible-area-is-layout-flow\" react-props=\"{&quot;visibleLines&quot;:5,&quot;collapse&quot;:&quot;always&quot;,&quot;collapsedHeight&quot;:150,&quot;content&quot;:&quot;\\n\\n&lt;figure class=\\&quot;wp-block-table\\&quot;&gt;&lt;table&gt;&lt;thead&gt;&lt;tr&gt;&lt;th&gt;Monographs&lt;\\\/th&gt;&lt;\\\/tr&gt;&lt;\\\/thead&gt;&lt;tbody&gt;&lt;tr&gt;&lt;td&gt;2009. &lt;em&gt;Sprachtypologie, TAM-Systeme und historische Syntax im Manding (West-Mande)&lt;\\\/em&gt;. K\\u00f6ln: K\\u00f6ppe. &lt;\\\/td&gt;&lt;\\\/tr&gt;&lt;tr&gt;&lt;td&gt;2002.  &lt;em&gt;Guide d\\u2019orthographe et grammaire pratique du j\\u00e9li. &lt;\\\/em&gt;Ouagadougou: Sankofa &amp;amp; Gurli \\u00c9ditions.&lt;\\\/td&gt;&lt;\\\/tr&gt;&lt;tr&gt;&lt;td&gt;1998. &lt;em&gt;Funktionale Sprachbeschreibung des Jeli (West-Mande). &lt;\\\/em&gt;K\\u00f6ln: K\\u00f6ppe&lt;em&gt;.&lt;\\\/em&gt;&lt;\\\/td&gt;&lt;\\\/tr&gt;&lt;\\\/tbody&gt;&lt;\\\/table&gt;&lt;\\\/figure&gt;\\n\\n\\n\\n&lt;figure class=\\&quot;wp-block-table\\&quot;&gt;&lt;table&gt;&lt;thead&gt;&lt;tr&gt;&lt;th&gt;Editorships&lt;\\\/th&gt;&lt;\\\/tr&gt;&lt;\\\/thead&gt;&lt;tbody&gt;&lt;tr&gt;&lt;td&gt;2011. (with Raija Kramer and Raimund Kastenholz) (eds.), &lt;em&gt;Afrikanische Sprachen im Fokus&lt;\\\/em&gt;. K\\u00f6ln: K\\u00f6ppe. &lt;\\\/td&gt;&lt;\\\/tr&gt;&lt;tr&gt;&lt;td&gt;2008. (with Eva Rothmaler &amp;amp; Kerstin Winkelmann (eds.), &lt;em&gt;La qualification dans les langues africaines. Qualification in African Languages &lt;\\\/em&gt;. K\\u00f6ln: K\\u00f6ppe.&lt;\\\/td&gt;&lt;\\\/tr&gt;&lt;\\\/tbody&gt;&lt;\\\/table&gt;&lt;\\\/figure&gt;\\n\\n\\n\\n&lt;figure class=\\&quot;wp-block-table\\&quot;&gt;&lt;table&gt;&lt;thead&gt;&lt;tr&gt;&lt;th&gt;&lt;strong&gt;Articles and working papers&lt;\\\/strong&gt;&lt;\\\/th&gt;&lt;\\\/tr&gt;&lt;\\\/thead&gt;&lt;tbody&gt;&lt;tr&gt;&lt;td&gt;2025. Mansa Harouna. Un r\\u00e9cit Bambara. Racont\\u00e9 par Daouda Demb\\u00e9le. Transcrit, traduit et \\u00e9dit\\u00e9 par Holger Tr\\u00f6bs. Avec la collaboration de Mamadou Sogodogo, Mohamed Tour\\u00e9 et Souma\\u00efla Coulibaly. Notes par Holger Tr\\u00f6bs. &lt;em&gt;Arbeitspapiere des Instituts f\\u00fcr Ethnologie und Afrikastudien der Johannes Gutenberg-Universit\\u00e4t Mainz &lt;\\\/em&gt;211&lt;em&gt;.&lt;\\\/em&gt;     &lt;\\\/td&gt;&lt;\\\/tr&gt;&lt;tr&gt;&lt;td&gt;2022. \\u201cSome notes on the discourse function of locative inversion in Swahili\\u201d. &lt;em&gt;Swahili Forum&lt;\\\/em&gt; 29: 19-47.&lt;\\\/td&gt;&lt;\\\/tr&gt;&lt;tr&gt;&lt;td&gt;2018. \\u201cSome notes on the TAM system of Jeli\\u201d. In: Raija Kramer &amp;amp; Roland Kie\\u00dfling (eds.): &lt;em&gt;Current approaches to Adamawa and Gur languages&lt;\\\/em&gt;. Cologne: K\\u00f6ppe, 293-313.  &lt;\\\/td&gt;&lt;\\\/tr&gt;&lt;tr&gt;&lt;td&gt;2017. \\u201cSEINS-Konstruktionen in afrikanischen Sprachen\\u201d. In: Raija Kramer &amp;amp; Roland Kie\\u00dfling (eds.): &lt;em&gt;Mechthildian Approaches to Afrikanistik: Advances in Language Based Research in Africa&lt;\\\/em&gt;. Festschrift f\\u00fcr Mechthild Reh. Cologne: K\\u00f6ppe, 367-383.   &lt;\\\/td&gt;&lt;\\\/tr&gt;&lt;tr&gt;&lt;td&gt;2014. \\u201cSome notes on the encoding of property concepts in Vai from a typological and comparative Central Mande perspective\\u201d. &lt;em&gt;Mandenkan&lt;\\\/em&gt; 52: 111-130.&lt;\\\/td&gt;&lt;\\\/tr&gt;&lt;tr&gt;&lt;td&gt;2013. \\u201cPolysemy patterns of two postpositions marking class-membership and property assignment in Jeli (Central Mande)\\u201d. &lt;em&gt;Mandenkan&lt;\\\/em&gt; 50: 131-146.&lt;\\\/td&gt;&lt;\\\/tr&gt;&lt;tr&gt;&lt;td&gt;2012. \\u201cAuxiliaries, grammaticalization, and \\u2018split-predicate syntax\\u2019 in Manding\\u201d. &lt;em&gt;Afrika und \\u00dcbersee&lt;\\\/em&gt; 91,1: 57-86. [Ausgegeben am 21. Juni 2012]&lt;\\\/td&gt;&lt;\\\/tr&gt;&lt;tr&gt;&lt;td&gt;2011. (with Stefan Elders and Amina Mettouchi) &lt;a href=\\&quot;http:\\\/\\\/www.eva.mpg.de\\\/lingua\\\/tools-at-lingboard\\\/pdf\\\/Questionnaire-Quality-Verbs-for-EVA-MPG.pdf\\&quot; target=\\&quot;_blank\\&quot; rel=\\&quot;noreferrer noopener\\&quot;&gt;\\u201cQuestionnaire for quality verbs in African languages\\u201d&lt;\\\/a&gt;. &lt;em&gt;Typological tools for field linguistics&lt;\\\/em&gt; published online by the Max Planck Institute of Evolutionary Anthropology, Leipzig.&lt;\\\/td&gt;&lt;\\\/tr&gt;&lt;tr&gt;&lt;td&gt;2011. \\u201cEigenschaftsverben in einigen West-Mande-Sprachen (Duun, Manding, Yalunka)\\u201d. In: Raija Kramer, Holger Tr\\u00f6bs and Raimund Kastenholz (eds.), &lt;em&gt;Afrikanische Sprachen im Fokus&lt;\\\/em&gt;. K\\u00f6ln: K\\u00f6ppe, 287-301.  &lt;\\\/td&gt;&lt;\\\/tr&gt;&lt;tr&gt;&lt;td&gt;2011. \\u201cVorwort\\u201d. In: Raija Kramer, Holger Tr\\u00f6bs and Raimund Kastenholz (eds.), &lt;em&gt;Afrikanische Sprachen im Fokus&lt;\\\/em&gt;. K\\u00f6ln: K\\u00f6ppe, 7-8.  &lt;\\\/td&gt;&lt;\\\/tr&gt;&lt;tr&gt;&lt;td&gt;2008. \\u201cDuun\\u201d. In: Holger Tr\\u00f6bs; Eva Rothmaler &amp;amp; Kerstin Winkelmann (eds.),  &lt;em&gt;La qualification dans les langues africaines. Qualification in African Languages &lt;\\\/em&gt;. K\\u00f6ln: K\\u00f6ppe, 71-86.&lt;\\\/td&gt;&lt;\\\/tr&gt;&lt;tr&gt;&lt;td&gt;2008. \\u201cBambara\\u201d. In: Holger Tr\\u00f6bs; Eva Rothmaler &amp;amp; Kerstin Winkelmann (eds.),  &lt;em&gt;La qualification dans les langues africaines. Qualification in African Languages &lt;\\\/em&gt;. K\\u00f6ln: K\\u00f6ppe, 13-28.&lt;\\\/td&gt;&lt;\\\/tr&gt;&lt;tr&gt;&lt;td&gt;2008. \\u201cIntroduction\\u201d. In: Holger Tr\\u00f6bs; Eva Rothmaler &amp;amp; Kerstin Winkelmann (eds.),  &lt;em&gt;La qualification dans les langues africaines. Qualification in African Languages &lt;\\\/em&gt;. K\\u00f6ln: R\\u00fcdiger K\\u00f6ppe, 7-12.&lt;\\\/td&gt;&lt;\\\/tr&gt;&lt;tr&gt;&lt;td&gt;2004. \\u201cZur Entstehung von Perfektiv-Markern im Manding (West-Mande)\\u201d. In: Kastenholz, R. &amp;amp; A. Storch (eds.), &lt;em&gt;Sprache und Wissen in Afrika&lt;\\\/em&gt;. Beitr\\u00e4ge zum 15. Afrikanistentag, Frankfurt am Main und Mainz, 30. September \\u2013 2. Oktober 2002. K\\u00f6ln: K\\u00f6ppe, 297-301.   &lt;\\\/td&gt;&lt;\\\/tr&gt;&lt;tr&gt;&lt;td&gt;2004. \\u201cProgressive and habitual aspects in Central-Mande\\u201d. &lt;em&gt;LINGUA&lt;\\\/em&gt; 114: 125-163.&lt;\\\/td&gt;&lt;\\\/tr&gt;&lt;tr&gt;&lt;td&gt;2004. \\u201cSome notes on one-argument identificational clauses in Manding (Western Mande, Niger-Congo)\\u201d. &lt;em&gt;Afrika und \\u00dcbersee&lt;\\\/em&gt; 85: 129-144. [ausgegeben 25. Februar 2004]. &lt;\\\/td&gt;&lt;\\\/tr&gt;&lt;tr&gt;&lt;td&gt;2003. \\u201cOn the origin of some predicative markers in imperfective constructions in Manding\\u201d. &lt;em&gt;Mandenkan&lt;\\\/em&gt; 38: 1-14.&lt;\\\/td&gt;&lt;\\\/tr&gt;&lt;tr&gt;&lt;td&gt;2002. \\u201c\\u00c9l\\u00e9ments de phonologie et de morphologie du j\\u00e9li\\u201d. &lt;em&gt;Cahiers du centre d\\u2019\\u00e9tudes et de recherche en lettre sciences humaines et sociales&lt;\\\/em&gt; &lt;em&gt;(CERLESHS)&lt;\\\/em&gt; 19: 135-157.&lt;\\\/td&gt;&lt;\\\/tr&gt;&lt;tr&gt;&lt;td&gt;2002. \\u201cNominale S\\u00e4tze im Duun (West-Mande)\\u201d. In: Schuman, Th., Reh, M., Kie\\u00dfling, R. &amp;amp; Gerhardt, L. (eds.), &lt;em&gt;Aktuelle Forschungen zu afrikanischen Sprachen: Sprachwissenschaftliche Beitr\\u00e4ge zum 14. Afrikanistentag Hamburg, 11.-14. Oktober 2000.&lt;\\\/em&gt; 259-273. K\\u00f6ln: K\\u00f6ppe.  259-273.&lt;\\\/td&gt;&lt;\\\/tr&gt;&lt;tr&gt;&lt;td&gt;1999. \\u201cLokale Strukturen im Maninka (West-Mande)\\u201d. &lt;em&gt;Sprachtypologie und Universalienforschung&lt;\\\/em&gt; 54,3\\\/4: 65-79.&lt;\\\/td&gt;&lt;\\\/tr&gt;&lt;tr&gt;&lt;td&gt;1992. \\u201cMarianne Friedl\\u00e4nder. Lehrbuch des Malinke\\u201d. Leipzig\\\/Berlin\\\/M\\u00fcnchen. &lt;em&gt;Afrikanistische Arbeitspapiere&lt;\\\/em&gt; 32: 97-99. &lt;\\\/td&gt;&lt;\\\/tr&gt;&lt;\\\/tbody&gt;&lt;\\\/table&gt;&lt;\\\/figure&gt;\\n\\n&quot;,&quot;className&quot;:&quot;alignwide &quot;}\"><\/jgu-base-collapsiblearea>\n\n<\/jgu-base-accordionitem>\n\n<jgu-base-accordionitem react-props=\"{&quot;title&quot;:&quot;Contact&quot;,&quot;init&quot;:false,&quot;slug&quot;:&quot;contact&quot;,&quot;align&quot;:&quot;wide&quot;,&quot;customSlug&quot;:false}\">\n    \n\n<p>PD Dr. Holger Tr\u00f6bs<br>Raum 01-691<br>Forum universitatis 6<br>55099 Mainz<br>Tel.: 06131-3920121<br>E-Mail:<a href=\"mailto:troebs@uni-mainz.de\"> troebs(at)uni-mainz.de<\/a><\/p>\n\n\n\n<p>Office hours after appointment via e-mail<\/p>\n\n\n<\/jgu-base-accordionitem>\n\n<\/jgu-base-accordion>\n<\/div>\n<\/div>\n<\/div><\/div>\n<\/jgu-base-section>    <div style=\"display: none\">\n        \n    <\/div>","protected":false},"excerpt":{"rendered":"","protected":false},"author":852,"featured_media":0,"parent":0,"menu_order":0,"comment_status":"closed","ping_status":"closed","template":"","meta":{"footnotes":""},"categories":[],"tags":[],"class_list":["post-25595","page","type-page","status-publish","hentry"],"content_raw":"<!-- wp:jgu\/pageheader {\"items\":[{\"box\":{\"index\":\"Department\",\"title\":\"The ifeas team\",\"link\":{\"url\":\"\",\"title\":\"learn more\"}},\"color\":\"default\",\"image\":{\"url\":\"\"},\"imgCredit\":\"\",\"useVideo\":false,\"video\":false}],\"type\":\"border\"} \/-->\n\n<!-- wp:jgu\/section {\"color\": \"dark\"} -->\n<div class=\"jgu-bgsection bg bg-dark\"><div class=\"content padding-medium\"><!-- wp:jgu\/heading {\"color\":\"default\",\"tags\":{\"htmlTag\":\"h2\",\"classTag\":\"\",\"tag\":\"h2\"},\"heading\":\"PD Dr. Holger Tr\u00f6bs\"} \/-->\n\n<!-- wp:columns -->\n<div class=\"wp-block-columns\"><!-- wp:column {\"width\":\"15%\"} -->\n<div class=\"wp-block-column\" style=\"flex-basis:15%\"><!-- wp:jgu\/image {\"image\":{\"url\":null,\"id\":14240}} \/--><\/div>\n<!-- \/wp:column -->\n\n<!-- wp:column -->\n<div class=\"wp-block-column\"><!-- wp:jgu\/collapsible-area -->\n<!-- wp:paragraph -->\n<p><strong>Portrait<\/strong><\/p>\n<!-- \/wp:paragraph -->\n\n<!-- wp:paragraph -->\n<p>Holger Tr\u00f6bs is Senior Lecturer at the Department of Anthropology and African Studies of the Johannes Gutenberg University Mainz, where he has been teaching Bambara and Swahili for many years. <br> <\/p>\n<!-- \/wp:paragraph -->\n\n<!-- wp:paragraph -->\n<p>He has conducted extensive field research on the Mande languages in Mali, Burkina Faso, and Ivory Coast. His research interests focus in particular on Functional Morphosyntax (Manding, Swahili), Language Typology and Universals, and Mande Oral Tradition. <\/p>\n<!-- \/wp:paragraph -->\n<!-- \/wp:jgu\/collapsible-area -->\n\n<!-- wp:jgu\/accordion {\"selected\":2} -->\n<!-- wp:jgu\/accordion-item {\"title\":\"About\",\"init\":false,\"slug\":\"about\"} -->\n<!-- wp:table {\"className\":\"is-style-regular\"} -->\n<figure class=\"wp-block-table is-style-regular\"><table><tbody><tr><td><strong>07\/2007<\/strong> <br>Habilitation in African Linguistics, University of Mainz<\/td><\/tr><tr><td><strong>Since 04\/2007<\/strong><br>Senior Lecturer for Bambara and Swahili, Department of Anthropology and African Studies, University of Mainz<\/td><\/tr><tr><td><strong>04\/2005 - 03\/2007<\/strong><br>Research assistant in the DFG project: \u201eEigenschaftskonzepte in westafrikanischen Sprachen\u201c; Faculty of Languages and Literatures, University of Bayreuth<\/td><\/tr><tr><td><strong>09\/1998 - 08\/2002<br><\/strong>Research assistant in the DFG project: \u201eDeskriptive Grammatik und lexikalische Dokumentation der Sprachen der Duun-Gruppe (sog. \u201eSamogo\u201c-Sprachen, Mali und Burkina Faso), ein Beitrag zur Erforschung des Nordwestzweiges des Mande)\u201c, Department of Anthropology and African Studies, University of Mainz<\/td><\/tr><tr><td><strong>06\/1998 <\/strong><br>Ph.D. in African Linguistics, Slavic Studies, General Linguistics, University of Cologne<\/td><\/tr><tr><td><strong>01\/1994<\/strong><br>Magister Artium in African Linguistics, Slavic Studies, General Linguistics, University of Cologne<\/td><\/tr><tr><td><strong>06\/1988<\/strong><br>Diploma in West African languages (Maninka, Bambara, Hausa), University of Leningrad<\/td><\/tr><\/tbody><\/table><\/figure>\n<!-- \/wp:table -->\n<!-- \/wp:jgu\/accordion-item -->\n\n<!-- wp:jgu\/accordion-item {\"title\":\"Publications\",\"init\":false,\"slug\":\"publications\"} -->\n<!-- wp:paragraph -->\n<p><strong>Publications at a glance<\/strong><\/p>\n<!-- \/wp:paragraph -->\n\n<!-- wp:jgu\/collapsible-area -->\n<!-- wp:table -->\n<figure class=\"wp-block-table\"><table><thead><tr><th>Monographs<\/th><\/tr><\/thead><tbody><tr><td>2009. <em>Sprachtypologie, TAM-Systeme und historische Syntax im Manding (West-Mande)<\/em>. K\u00f6ln: K\u00f6ppe. <\/td><\/tr><tr><td>2002.  <em>Guide d\u2019orthographe et grammaire pratique du j\u00e9li. <\/em>Ouagadougou: Sankofa &amp; Gurli \u00c9ditions.<\/td><\/tr><tr><td>1998. <em>Funktionale Sprachbeschreibung des Jeli (West-Mande). <\/em>K\u00f6ln: K\u00f6ppe<em>.<\/em><\/td><\/tr><\/tbody><\/table><\/figure>\n<!-- \/wp:table -->\n\n<!-- wp:table -->\n<figure class=\"wp-block-table\"><table><thead><tr><th>Editorships<\/th><\/tr><\/thead><tbody><tr><td>2011. (with Raija Kramer and Raimund Kastenholz) (eds.), <em>Afrikanische Sprachen im Fokus<\/em>. K\u00f6ln: K\u00f6ppe. <\/td><\/tr><tr><td>2008. (with Eva Rothmaler &amp; Kerstin Winkelmann (eds.), <em>La qualification dans les langues africaines. Qualification in African Languages <\/em>. K\u00f6ln: K\u00f6ppe.<\/td><\/tr><\/tbody><\/table><\/figure>\n<!-- \/wp:table -->\n\n<!-- wp:table -->\n<figure class=\"wp-block-table\"><table><thead><tr><th><strong>Articles and working papers<\/strong><\/th><\/tr><\/thead><tbody><tr><td>2025. Mansa Harouna. Un r\u00e9cit Bambara. Racont\u00e9 par Daouda Demb\u00e9le. Transcrit, traduit et \u00e9dit\u00e9 par Holger Tr\u00f6bs. Avec la collaboration de Mamadou Sogodogo, Mohamed Tour\u00e9 et Souma\u00efla Coulibaly. Notes par Holger Tr\u00f6bs. <em>Arbeitspapiere des Instituts f\u00fcr Ethnologie und Afrikastudien der Johannes Gutenberg-Universit\u00e4t Mainz <\/em>211<em>.<\/em>     <\/td><\/tr><tr><td>2022. \u201cSome notes on the discourse function of locative inversion in Swahili\u201d. <em>Swahili Forum<\/em> 29: 19-47.<\/td><\/tr><tr><td>2018. \u201cSome notes on the TAM system of Jeli\u201d. In: Raija Kramer &amp; Roland Kie\u00dfling (eds.): <em>Current approaches to Adamawa and Gur languages<\/em>. Cologne: K\u00f6ppe, 293-313.  <\/td><\/tr><tr><td>2017. \u201cSEINS-Konstruktionen in afrikanischen Sprachen\u201d. In: Raija Kramer &amp; Roland Kie\u00dfling (eds.): <em>Mechthildian Approaches to Afrikanistik: Advances in Language Based Research in Africa<\/em>. Festschrift f\u00fcr Mechthild Reh. Cologne: K\u00f6ppe, 367-383.   <\/td><\/tr><tr><td>2014. \u201cSome notes on the encoding of property concepts in Vai from a typological and comparative Central Mande perspective\u201d. <em>Mandenkan<\/em> 52: 111-130.<\/td><\/tr><tr><td>2013. \u201cPolysemy patterns of two postpositions marking class-membership and property assignment in Jeli (Central Mande)\u201d. <em>Mandenkan<\/em> 50: 131-146.<\/td><\/tr><tr><td>2012. \u201cAuxiliaries, grammaticalization, and \u2018split-predicate syntax\u2019 in Manding\u201d. <em>Afrika und \u00dcbersee<\/em> 91,1: 57-86. [Ausgegeben am 21. Juni 2012]<\/td><\/tr><tr><td>2011. (with Stefan Elders and Amina Mettouchi) <a href=\"http:\/\/www.eva.mpg.de\/lingua\/tools-at-lingboard\/pdf\/Questionnaire-Quality-Verbs-for-EVA-MPG.pdf\" target=\"_blank\" rel=\"noreferrer noopener\">\u201cQuestionnaire for quality verbs in African languages\u201d<\/a>. <em>Typological tools for field linguistics<\/em> published online by the Max Planck Institute of Evolutionary Anthropology, Leipzig.<\/td><\/tr><tr><td>2011. \u201cEigenschaftsverben in einigen West-Mande-Sprachen (Duun, Manding, Yalunka)\u201d. In: Raija Kramer, Holger Tr\u00f6bs and Raimund Kastenholz (eds.), <em>Afrikanische Sprachen im Fokus<\/em>. K\u00f6ln: K\u00f6ppe, 287-301.  <\/td><\/tr><tr><td>2011. \u201cVorwort\u201d. In: Raija Kramer, Holger Tr\u00f6bs and Raimund Kastenholz (eds.), <em>Afrikanische Sprachen im Fokus<\/em>. K\u00f6ln: K\u00f6ppe, 7-8.  <\/td><\/tr><tr><td>2008. \u201cDuun\u201d. In: Holger Tr\u00f6bs; Eva Rothmaler &amp; Kerstin Winkelmann (eds.),  <em>La qualification dans les langues africaines. Qualification in African Languages <\/em>. K\u00f6ln: K\u00f6ppe, 71-86.<\/td><\/tr><tr><td>2008. \u201cBambara\u201d. In: Holger Tr\u00f6bs; Eva Rothmaler &amp; Kerstin Winkelmann (eds.),  <em>La qualification dans les langues africaines. Qualification in African Languages <\/em>. K\u00f6ln: K\u00f6ppe, 13-28.<\/td><\/tr><tr><td>2008. \u201cIntroduction\u201d. In: Holger Tr\u00f6bs; Eva Rothmaler &amp; Kerstin Winkelmann (eds.),  <em>La qualification dans les langues africaines. Qualification in African Languages <\/em>. K\u00f6ln: R\u00fcdiger K\u00f6ppe, 7-12.<\/td><\/tr><tr><td>2004. \u201cZur Entstehung von Perfektiv-Markern im Manding (West-Mande)\u201d. In: Kastenholz, R. &amp; A. Storch (eds.), <em>Sprache und Wissen in Afrika<\/em>. Beitr\u00e4ge zum 15. Afrikanistentag, Frankfurt am Main und Mainz, 30. September \u2013 2. Oktober 2002. K\u00f6ln: K\u00f6ppe, 297-301.   <\/td><\/tr><tr><td>2004. \u201cProgressive and habitual aspects in Central-Mande\u201d. <em>LINGUA<\/em> 114: 125-163.<\/td><\/tr><tr><td>2004. \u201cSome notes on one-argument identificational clauses in Manding (Western Mande, Niger-Congo)\u201d. <em>Afrika und \u00dcbersee<\/em> 85: 129-144. [ausgegeben 25. Februar 2004]. <\/td><\/tr><tr><td>2003. \u201cOn the origin of some predicative markers in imperfective constructions in Manding\u201d. <em>Mandenkan<\/em> 38: 1-14.<\/td><\/tr><tr><td>2002. \u201c\u00c9l\u00e9ments de phonologie et de morphologie du j\u00e9li\u201d. <em>Cahiers du centre d\u2019\u00e9tudes et de recherche en lettre sciences humaines et sociales<\/em> <em>(CERLESHS)<\/em> 19: 135-157.<\/td><\/tr><tr><td>2002. \u201cNominale S\u00e4tze im Duun (West-Mande)\u201d. In: Schuman, Th., Reh, M., Kie\u00dfling, R. &amp; Gerhardt, L. (eds.), <em>Aktuelle Forschungen zu afrikanischen Sprachen: Sprachwissenschaftliche Beitr\u00e4ge zum 14. Afrikanistentag Hamburg, 11.-14. Oktober 2000.<\/em> 259-273. K\u00f6ln: K\u00f6ppe.  259-273.<\/td><\/tr><tr><td>1999. \u201cLokale Strukturen im Maninka (West-Mande)\u201d. <em>Sprachtypologie und Universalienforschung<\/em> 54,3\/4: 65-79.<\/td><\/tr><tr><td>1992. \u201cMarianne Friedl\u00e4nder. Lehrbuch des Malinke\u201d. Leipzig\/Berlin\/M\u00fcnchen. <em>Afrikanistische Arbeitspapiere<\/em> 32: 97-99. <\/td><\/tr><\/tbody><\/table><\/figure>\n<!-- \/wp:table -->\n<!-- \/wp:jgu\/collapsible-area -->\n<!-- \/wp:jgu\/accordion-item -->\n\n<!-- wp:jgu\/accordion-item {\"title\":\"Contact\",\"init\":false,\"slug\":\"contact\"} -->\n<!-- wp:paragraph -->\n<p>PD Dr. Holger Tr\u00f6bs<br>Raum 01-691<br>Forum universitatis 6<br>55099 Mainz<br>Tel.: 06131-3920121<br>E-Mail:<a href=\"mailto:troebs@uni-mainz.de\"> troebs(at)uni-mainz.de<\/a><\/p>\n<!-- \/wp:paragraph -->\n\n<!-- wp:paragraph -->\n<p>Office hours after appointment via e-mail<\/p>\n<!-- \/wp:paragraph -->\n<!-- \/wp:jgu\/accordion-item -->\n<!-- \/wp:jgu\/accordion --><\/div>\n<!-- \/wp:column --><\/div>\n<!-- \/wp:columns --><\/div><\/div>\n<!-- \/wp:jgu\/section -->","_links":{"self":[{"href":"https:\/\/www.ifeas.uni-mainz.de\/en\/wp-json\/wp\/v2\/pages\/25595","targetHints":{"allow":["GET"]}}],"collection":[{"href":"https:\/\/www.ifeas.uni-mainz.de\/en\/wp-json\/wp\/v2\/pages"}],"about":[{"href":"https:\/\/www.ifeas.uni-mainz.de\/en\/wp-json\/wp\/v2\/types\/page"}],"author":[{"embeddable":true,"href":"https:\/\/www.ifeas.uni-mainz.de\/en\/wp-json\/wp\/v2\/users\/852"}],"replies":[{"embeddable":true,"href":"https:\/\/www.ifeas.uni-mainz.de\/en\/wp-json\/wp\/v2\/comments?post=25595"}],"version-history":[{"count":7,"href":"https:\/\/www.ifeas.uni-mainz.de\/en\/wp-json\/wp\/v2\/pages\/25595\/revisions"}],"predecessor-version":[{"id":25992,"href":"https:\/\/www.ifeas.uni-mainz.de\/en\/wp-json\/wp\/v2\/pages\/25595\/revisions\/25992"}],"wp:attachment":[{"href":"https:\/\/www.ifeas.uni-mainz.de\/en\/wp-json\/wp\/v2\/media?parent=25595"}],"wp:term":[{"taxonomy":"category","embeddable":true,"href":"https:\/\/www.ifeas.uni-mainz.de\/en\/wp-json\/wp\/v2\/categories?post=25595"},{"taxonomy":"post_tag","embeddable":true,"href":"https:\/\/www.ifeas.uni-mainz.de\/en\/wp-json\/wp\/v2\/tags?post=25595"}],"curies":[{"name":"wp","href":"https:\/\/api.w.org\/{rel}","templated":true}]}}